{"id":1219,"date":"2025-12-29T17:21:49","date_gmt":"2025-12-29T17:21:49","guid":{"rendered":"https:\/\/c-ways.ch\/?page_id=1219"},"modified":"2026-03-29T17:48:36","modified_gmt":"2026-03-29T17:48:36","slug":"projekte","status":"publish","type":"page","link":"https:\/\/c-ways.ch\/?page_id=1219","title":{"rendered":"Projekte"},"content":{"rendered":"\t\t<div data-elementor-type=\"wp-page\" data-elementor-id=\"1219\" class=\"elementor elementor-1219\">\n\t\t\t\t<div class=\"elementor-element elementor-element-5a1a80a e-flex e-con-boxed e-con e-parent\" data-id=\"5a1a80a\" data-element_type=\"container\" data-e-type=\"container\">\n\t\t\t\t\t<div class=\"e-con-inner\">\n\t\t\t\t<div class=\"elementor-element elementor-element-b9b99b4 elementor-widget elementor-widget-joyas-intro-showcase\" data-id=\"b9b99b4\" data-element_type=\"widget\" data-e-type=\"widget\" data-widget_type=\"joyas-intro-showcase.default\">\n\t\t\t\t<div class=\"elementor-widget-container\">\n\t\t\t\t\t        <div class=\"joyas-intro-showcase row\">\r\n                            <div class=\"col-md-6 col-sm-6 col-12\">\r\n                    <div class=\"image-captions-item\">\r\n                        \r\n                                                    <img decoding=\"async\" src=\"https:\/\/c-ways.ch\/wp-content\/uploads\/2026\/03\/Thunersee.png\" alt=\"\">\r\n                        \r\n                        <div class=\"caption-text\">\r\n                            <h4 class=\"heading\">\r\n                                Generationenhaus im BeO                            <\/h4>\r\n\r\n                            <div class=\"desc-wrap\">\r\n                                Hier stellen wir Ihnen demn\u00e4chst unser neues Projekt  im Berner Oberland  vor.                             <\/div>\r\n\r\n                                                    <\/div>\r\n\r\n                        <div class=\"clearfix\"><\/div>\r\n                    <\/div>\r\n                <\/div>\r\n                            <div class=\"col-md-6 col-sm-6 col-12\">\r\n                    <div class=\"image-captions-item\">\r\n                        \r\n                                                    <img decoding=\"async\" src=\"https:\/\/c-ways.ch\/wp-content\/uploads\/2026\/02\/IMG_2673.jpeg\" alt=\"\">\r\n                        \r\n                        <div class=\"caption-text\">\r\n                            <h4 class=\"heading\">\r\n                                \u00dcberbauung in Thun                            <\/h4>\r\n\r\n                            <div class=\"desc-wrap\">\r\n                                Hier stellen wir Ihnen demn\u00e4chst ein neues Projekt in Thun vor.                             <\/div>\r\n\r\n                                                    <\/div>\r\n\r\n                        <div class=\"clearfix\"><\/div>\r\n                    <\/div>\r\n                <\/div>\r\n                    <\/div>\r\n        \t\t\t\t<\/div>\n\t\t\t\t<\/div>\n\t\t\t\t\t<\/div>\n\t\t\t\t<\/div>\n\t\t\t\t<\/div>\n\t\t","protected":false},"excerpt":{"rendered":"<p>Generationenhaus im BeO Hier stellen wir Ihnen demn\u00e4chst unser neues Projekt im Berner Oberland vor. \u00dcberbauung in Thun Hier stellen wir Ihnen demn\u00e4chst ein neues Projekt in Thun vor.<\/p>\n","protected":false},"author":1,"featured_media":0,"parent":0,"menu_order":0,"comment_status":"closed","ping_status":"closed","template":"","meta":{"footnotes":""},"class_list":["post-1219","page","type-page","status-publish","hentry"],"_links":{"self":[{"href":"https:\/\/c-ways.ch\/index.php?rest_route=\/wp\/v2\/pages\/1219","targetHints":{"allow":["GET"]}}],"collection":[{"href":"https:\/\/c-ways.ch\/index.php?rest_route=\/wp\/v2\/pages"}],"about":[{"href":"https:\/\/c-ways.ch\/index.php?rest_route=\/wp\/v2\/types\/page"}],"author":[{"embeddable":true,"href":"https:\/\/c-ways.ch\/index.php?rest_route=\/wp\/v2\/users\/1"}],"replies":[{"embeddable":true,"href":"https:\/\/c-ways.ch\/index.php?rest_route=%2Fwp%2Fv2%2Fcomments&post=1219"}],"version-history":[{"count":82,"href":"https:\/\/c-ways.ch\/index.php?rest_route=\/wp\/v2\/pages\/1219\/revisions"}],"predecessor-version":[{"id":2236,"href":"https:\/\/c-ways.ch\/index.php?rest_route=\/wp\/v2\/pages\/1219\/revisions\/2236"}],"wp:attachment":[{"href":"https:\/\/c-ways.ch\/index.php?rest_route=%2Fwp%2Fv2%2Fmedia&parent=1219"}],"curies":[{"name":"wp","href":"https:\/\/api.w.org\/{rel}","templated":true}]}}