{"id":679,"date":"2025-12-24T17:16:36","date_gmt":"2025-12-24T17:16:36","guid":{"rendered":"https:\/\/c-ways.ch\/?page_id=679"},"modified":"2026-03-20T14:37:55","modified_gmt":"2026-03-20T14:37:55","slug":"referenzen","status":"publish","type":"page","link":"https:\/\/c-ways.ch\/?page_id=679","title":{"rendered":"Referenzen"},"content":{"rendered":"\t\t<div data-elementor-type=\"wp-page\" data-elementor-id=\"679\" class=\"elementor elementor-679\">\n\t\t\t\t<div class=\"elementor-element elementor-element-2e36ea0 e-flex e-con-boxed e-con e-parent\" data-id=\"2e36ea0\" data-element_type=\"container\" data-e-type=\"container\">\n\t\t\t\t\t<div class=\"e-con-inner\">\n\t\t\t\t<div class=\"elementor-element elementor-element-1a18b21 elementor-widget elementor-widget-joyas-intro-showcase\" data-id=\"1a18b21\" data-element_type=\"widget\" data-e-type=\"widget\" data-widget_type=\"joyas-intro-showcase.default\">\n\t\t\t\t<div class=\"elementor-widget-container\">\n\t\t\t\t\t        <div class=\"joyas-intro-showcase row\">\r\n                            <div class=\"col-md-6 col-sm-6 col-12\">\r\n                    <div class=\"image-captions-item\">\r\n                        \r\n                                                    <img decoding=\"async\" src=\"https:\/\/c-ways.ch\/wp-content\/uploads\/2025\/12\/for-sale-1.png\" alt=\"\">\r\n                        \r\n                        <div class=\"caption-text\">\r\n                            <h4 class=\"heading\">\r\n                                Mehrfamilienhaus in Fischingen                            <\/h4>\r\n\r\n                            <div class=\"desc-wrap\">\r\n                                In Fischingen haben wir ein  Ende 18. Jahrhundert erbautes Mehrfamilienhaus saniert und umgebaut.                             <\/div>\r\n\r\n                                                            <a class=\"read_more_link\"\r\n                                   href=\"https:\/\/c-ways.ch\/?page_id=1984\"\r\n                                   >\r\n                                    <span>Mehr<\/span><i class=\"bi bi-arrow-right\"><\/i>\r\n                                <\/a>\r\n                                                    <\/div>\r\n\r\n                        <div class=\"clearfix\"><\/div>\r\n                    <\/div>\r\n                <\/div>\r\n                            <div class=\"col-md-6 col-sm-6 col-12\">\r\n                    <div class=\"image-captions-item\">\r\n                        \r\n                                                    <img decoding=\"async\" src=\"https:\/\/c-ways.ch\/wp-content\/uploads\/2025\/12\/picture_norm_midi.png\" alt=\"\">\r\n                        \r\n                        <div class=\"caption-text\">\r\n                            <h4 class=\"heading\">\r\n                                Referenzen aus fr\u00fcherer T\u00e4tigkeit                            <\/h4>\r\n\r\n                            <div class=\"desc-wrap\">\r\n                                F\u00fcllen Sie unser Kontaktformular aus und wir senden Ihnen gerne das Passwort und den Link zur Seite zu                            <\/div>\r\n\r\n                                                            <a class=\"read_more_link\"\r\n                                   href=\"https:\/\/c-ways.ch\/?page_id=311\"\r\n                                   >\r\n                                    <span>Link zum Kontaktformular<\/span><i class=\"bi bi-arrow-right\"><\/i>\r\n                                <\/a>\r\n                                                    <\/div>\r\n\r\n                        <div class=\"clearfix\"><\/div>\r\n                    <\/div>\r\n                <\/div>\r\n                    <\/div>\r\n        \t\t\t\t<\/div>\n\t\t\t\t<\/div>\n\t\t\t\t\t<\/div>\n\t\t\t\t<\/div>\n\t\t<div class=\"elementor-element elementor-element-c27a45e e-flex e-con-boxed e-con e-parent\" data-id=\"c27a45e\" data-element_type=\"container\" data-e-type=\"container\">\n\t\t\t\t\t<div class=\"e-con-inner\">\n\t\t\t\t\t<\/div>\n\t\t\t\t<\/div>\n\t\t\t\t<\/div>\n\t\t","protected":false},"excerpt":{"rendered":"<p>Mehrfamilienhaus in Fischingen In Fischingen haben wir ein Ende 18. Jahrhundert erbautes Mehrfamilienhaus saniert und umgebaut. Mehr Referenzen aus fr\u00fcherer T\u00e4tigkeit F\u00fcllen Sie unser Kontaktformular aus und wir senden Ihnen gerne das Passwort und den Link zur Seite zu Link zum Kontaktformular<\/p>\n","protected":false},"author":1,"featured_media":0,"parent":0,"menu_order":0,"comment_status":"closed","ping_status":"closed","template":"","meta":{"footnotes":""},"class_list":["post-679","page","type-page","status-publish","hentry"],"_links":{"self":[{"href":"https:\/\/c-ways.ch\/index.php?rest_route=\/wp\/v2\/pages\/679","targetHints":{"allow":["GET"]}}],"collection":[{"href":"https:\/\/c-ways.ch\/index.php?rest_route=\/wp\/v2\/pages"}],"about":[{"href":"https:\/\/c-ways.ch\/index.php?rest_route=\/wp\/v2\/types\/page"}],"author":[{"embeddable":true,"href":"https:\/\/c-ways.ch\/index.php?rest_route=\/wp\/v2\/users\/1"}],"replies":[{"embeddable":true,"href":"https:\/\/c-ways.ch\/index.php?rest_route=%2Fwp%2Fv2%2Fcomments&post=679"}],"version-history":[{"count":98,"href":"https:\/\/c-ways.ch\/index.php?rest_route=\/wp\/v2\/pages\/679\/revisions"}],"predecessor-version":[{"id":2189,"href":"https:\/\/c-ways.ch\/index.php?rest_route=\/wp\/v2\/pages\/679\/revisions\/2189"}],"wp:attachment":[{"href":"https:\/\/c-ways.ch\/index.php?rest_route=%2Fwp%2Fv2%2Fmedia&parent=679"}],"curies":[{"name":"wp","href":"https:\/\/api.w.org\/{rel}","templated":true}]}}